{"id":1520,"date":"2023-06-20T12:40:55","date_gmt":"2023-06-20T10:40:55","guid":{"rendered":"https:\/\/www.neu.esfra.de\/contact-us\/"},"modified":"2025-02-12T16:10:29","modified_gmt":"2025-02-12T15:10:29","slug":"contact-us","status":"publish","type":"page","link":"https:\/\/www.ettrich.de\/en\/contact-us\/","title":{"rendered":"Contact us"},"content":{"rendered":"\n<section class=\"m-hero has-bild\" style=\"--background: url('https:\/\/www.ettrich.de\/wp-content\/uploads\/2023\/11\/2023-05-09_SP_Ettrich-080-7642_Kontakt.jpg'); \" id=\"\">\n  <div class=\"wrapper\">\n    <div class=\"gridinner\">\n\n\n      <div class=\"m-hero__content\">\n        <h1 class=\"\">\n          <span>\n            Contact us          <\/span>\n                  <\/h1>\n      <\/div>\n    <\/div>\n  <\/div>\n  <div class=\"m-hero__scroller\">\n    <div class=\"wrapper\">\n      <div class=\"gridinner\">\n        <button data-scroll-to-main=\"\" class=\"scroll-to-main\">\n          <img decoding=\"async\" src=\"https:\/\/www.ettrich.de\/wp-content\/themes\/ettrich-2023\/assets\/icons\/to-top.svg\" alt=\"\">\n        <\/button>\n      <\/div>\n    <\/div>\n  <\/div>\n<\/section>\n\n\n<div class=\"wp-block-group has-global-padding is-layout-constrained wp-block-group-is-layout-constrained\" style=\"padding-top:var(--wp--preset--spacing--medium);padding-bottom:var(--wp--preset--spacing--medium)\">\n<div class=\"wp-block-jetpack-layout-grid column1-desktop-grid__span-6 column1-desktop-grid__start-2 column1-desktop-grid__row-1 column1-tablet-grid__span-8 column1-tablet-grid__row-1 column1-mobile-grid__span-4 column1-mobile-grid__row-1\">\n<div class=\"wp-block-jetpack-layout-grid-column wp-block-jetpack-layout-grid__padding-none\">\n<div class=\"wp-block-group is-layout-flow wp-container-core-group-is-layout-dd3213b8 wp-block-group-is-layout-flow\" style=\"padding-top:0;padding-right:0;padding-bottom:0;padding-left:0\">\n<div class=\"wp-block-group is-layout-flow wp-container-core-group-is-layout-a77db08e wp-block-group-is-layout-flow\">\n<p class=\"has-large-font-size\"><strong>EttrichLawyers | Notaries<\/strong><\/p>\n\n\n\n<p class=\"has-large-font-size\">Eschersheimer Landstrasse 6<\/p>\n\n\n\n<p class=\"has-large-font-size\">60322 Frankfurt am Main<\/p>\n<\/div>\n\n\n\n<div class=\"wp-block-group is-layout-flow wp-container-core-group-is-layout-a77db08e wp-block-group-is-layout-flow\">\n<p class=\"has-large-font-size\">Phone: <a href=\"tel:0049691505040\">+49 69 150504-0<\/a><\/p>\n\n\n\n<p class=\"has-large-font-size\">E-mail: <a href=\"mailto:info@ettrich.de\" data-type=\"mailto\" data-id=\"mailto:info@ettrich.de\">info(at)ettrich.de<\/a><\/p>\n<\/div>\n<\/div>\n<\/div>\n<\/div>\n<\/div>\n\n\n\n<div class=\"wp-block-group is-layout-flow wp-block-group-is-layout-flow\" style=\"padding-bottom:var(--wp--preset--spacing--x-large)\">\n<div class=\"wp-block-group has-global-padding is-layout-constrained wp-block-group-is-layout-constrained\" style=\"padding-top:var(--wp--preset--spacing--small);padding-bottom:var(--wp--preset--spacing--large)\">\n<div class=\"wp-block-jetpack-layout-grid column1-desktop-grid__span-7 column1-desktop-grid__start-2 column1-desktop-grid__row-1 column2-desktop-grid__span-4 column2-desktop-grid__start-9 column2-desktop-grid__row-1 column1-tablet-grid__span-4 column1-tablet-grid__row-1 column2-tablet-grid__span-4 column2-tablet-grid__start-5 column2-tablet-grid__row-1 column1-mobile-grid__span-4 column1-mobile-grid__row-1 column2-mobile-grid__span-4 column2-mobile-grid__row-2\">\n<div class=\"wp-block-jetpack-layout-grid-column wp-block-jetpack-layout-grid__padding-none\">\n<figure class=\"wp-block-image size-large\"><img loading=\"lazy\" decoding=\"async\" width=\"1000\" height=\"631\" src=\"https:\/\/www.ettrich.de\/wp-content\/uploads\/2024\/03\/bild-ettrich-news-1000x631.jpg\" alt=\"\" class=\"wp-image-1484\" srcset=\"https:\/\/www.ettrich.de\/wp-content\/uploads\/2024\/03\/bild-ettrich-news-1000x631.jpg 1000w, https:\/\/www.ettrich.de\/wp-content\/uploads\/2024\/03\/bild-ettrich-news-500x316.jpg 500w, https:\/\/www.ettrich.de\/wp-content\/uploads\/2024\/03\/bild-ettrich-news-768x485.jpg 768w, https:\/\/www.ettrich.de\/wp-content\/uploads\/2024\/03\/bild-ettrich-news-1536x969.jpg 1536w, https:\/\/www.ettrich.de\/wp-content\/uploads\/2024\/03\/bild-ettrich-news-2048x1292.jpg 2048w, https:\/\/www.ettrich.de\/wp-content\/uploads\/2024\/03\/bild-ettrich-news-1500x947.jpg 1500w, https:\/\/www.ettrich.de\/wp-content\/uploads\/2024\/03\/bild-ettrich-news-250x158.jpg 250w\" sizes=\"auto, (max-width: 1000px) 100vw, 1000px\" \/><\/figure>\n<\/div>\n\n\n\n<div class=\"wp-block-jetpack-layout-grid-column wp-block-jetpack-layout-grid__padding-none\">\n<div class=\"wp-block-group notarielles-zitat is-layout-flow wp-block-group-is-layout-flow\" style=\"margin-top:var(--wp--preset--spacing--xx-large);padding-top:var(--wp--preset--spacing--medium);padding-right:0;padding-bottom:var(--wp--preset--spacing--medium);padding-left:0\">\n<div style=\"position:relative;z-index:0;margin-top:0;margin-left:-50%;margin-right:0\">\n<p class=\"has-primary-color has-text-color has-link-color has-x-large-font-size wp-elements-4e4f106d9ce73afb4e823d27e01bcbf7\">Our offices<br>reach you from the heart<br>of Frankfurt<\/p>\n<\/div>\n<\/div>\n<\/div>\n<\/div>\n<\/div>\n\n\n\n<div class=\"wp-block-jetpack-layout-grid column1-desktop-grid__span-5 column1-desktop-grid__start-2 column1-desktop-grid__row-1 column2-desktop-grid__span-5 column2-desktop-grid__start-7 column2-desktop-grid__row-1 column1-tablet-grid__span-4 column1-tablet-grid__row-1 column2-tablet-grid__span-4 column2-tablet-grid__start-5 column2-tablet-grid__row-1 column1-mobile-grid__span-4 column1-mobile-grid__row-1 column2-mobile-grid__span-4 column2-mobile-grid__row-2\">\n<div class=\"wp-block-jetpack-layout-grid-column wp-block-jetpack-layout-grid__padding-none\">\n<div class=\"wp-block-group has-global-padding is-layout-constrained wp-container-core-group-is-layout-bf2e6b0f wp-block-group-is-layout-constrained\" style=\"padding-top:0;padding-right:var(--wp--preset--spacing--x-large);padding-bottom:var(--wp--preset--spacing--small);padding-left:0\">\n<p class=\"has-large-font-size\"><strong>Arrival by public transportation:  <\/strong><\/p>\n\n\n\n<p class=\"has-large-font-size\">Travel to the subway station &#8220;Eschenheimer Tor&#8221;. After approx. 5 minutes on foot you will find the office on Eschersheimer Landstra\u00dfe on the right-hand side heading out of town.<\/p>\n<\/div>\n<\/div>\n\n\n\n<div class=\"wp-block-jetpack-layout-grid-column wp-block-jetpack-layout-grid__padding-none\">\n<div class=\"wp-block-group has-global-padding is-layout-constrained wp-container-core-group-is-layout-422b6648 wp-block-group-is-layout-constrained\" style=\"padding-top:0;padding-right:var(--wp--preset--spacing--x-large);padding-bottom:0;padding-left:0\">\n<p class=\"has-large-font-size\"><strong>Arrival by car:<\/strong><\/p>\n\n\n\n<p class=\"has-large-font-size\">You will find marked parking spaces in the courtyard of the building on Eschersheimer Landstr. 6. you will find further parking facilities in the public &#8220;Parkhaus Turm Center&#8221;, Querstra\u00dfe 7-9 or in the parking garage Gro\u00dfe Eschersheimer Stra\u00dfe (MyZeil).<\/p>\n<\/div>\n<\/div>\n<\/div>\n<\/div>\n","protected":false},"excerpt":{"rendered":"<p>EttrichLawyers | Notaries Eschersheimer Landstrasse 6 60322 Frankfurt am Main Phone: +49 69 150504-0 E-mail: info(at)ettrich.de Arrival by public transportation: Travel to the subway station &#8220;Eschenheimer Tor&#8221;. After approx. 5 minutes on foot you will find the office on Eschersheimer Landstra\u00dfe on the right-hand side heading out of town. Arrival by car: You will find [&hellip;]<\/p>\n","protected":false},"author":5,"featured_media":0,"parent":0,"menu_order":6,"comment_status":"closed","ping_status":"closed","template":"","meta":{"_acf_changed":false,"inline_featured_image":false,"footnotes":""},"class_list":["post-1520","page","type-page","status-publish","hentry"],"acf":[],"yoast_head":"<!-- This site is optimized with the Yoast SEO plugin v27.3 - https:\/\/yoast.com\/product\/yoast-seo-wordpress\/ -->\n<title>Contact us | Ettrich<\/title>\n<meta name=\"robots\" content=\"index, follow, max-snippet:-1, max-image-preview:large, max-video-preview:-1\" \/>\n<link rel=\"canonical\" href=\"https:\/\/www.ettrich.de\/en\/contact-us\/\" \/>\n<meta property=\"og:locale\" content=\"en_US\" \/>\n<meta property=\"og:type\" content=\"article\" \/>\n<meta property=\"og:title\" content=\"Contact us | Ettrich\" \/>\n<meta property=\"og:description\" content=\"EttrichLawyers | Notaries Eschersheimer Landstrasse 6 60322 Frankfurt am Main Phone: +49 69 150504-0 E-mail: info(at)ettrich.de Arrival by public transportation: Travel to the subway station &#8220;Eschenheimer Tor&#8221;. After approx. 5 minutes on foot you will find the office on Eschersheimer Landstra\u00dfe on the right-hand side heading out of town. Arrival by car: You will find [&hellip;]\" \/>\n<meta property=\"og:url\" content=\"https:\/\/www.ettrich.de\/en\/contact-us\/\" \/>\n<meta property=\"og:site_name\" content=\"Ettrich\" \/>\n<meta property=\"article:modified_time\" content=\"2025-02-12T15:10:29+00:00\" \/>\n<meta property=\"og:image\" content=\"https:\/\/www.ettrich.de\/wp-content\/uploads\/2024\/03\/bild-ettrich-news-1000x631.jpg\" \/>\n<meta name=\"twitter:card\" content=\"summary_large_image\" \/>\n<script type=\"application\/ld+json\" class=\"yoast-schema-graph\">{\"@context\":\"https:\\\/\\\/schema.org\",\"@graph\":[{\"@type\":\"WebPage\",\"@id\":\"https:\\\/\\\/www.ettrich.de\\\/en\\\/contact-us\\\/\",\"url\":\"https:\\\/\\\/www.ettrich.de\\\/en\\\/contact-us\\\/\",\"name\":\"Contact us | Ettrich\",\"isPartOf\":{\"@id\":\"https:\\\/\\\/www.ettrich.de\\\/en\\\/#website\"},\"primaryImageOfPage\":{\"@id\":\"https:\\\/\\\/www.ettrich.de\\\/en\\\/contact-us\\\/#primaryimage\"},\"image\":{\"@id\":\"https:\\\/\\\/www.ettrich.de\\\/en\\\/contact-us\\\/#primaryimage\"},\"thumbnailUrl\":\"https:\\\/\\\/www.ettrich.de\\\/wp-content\\\/uploads\\\/2024\\\/03\\\/bild-ettrich-news-1000x631.jpg\",\"datePublished\":\"2023-06-20T10:40:55+00:00\",\"dateModified\":\"2025-02-12T15:10:29+00:00\",\"breadcrumb\":{\"@id\":\"https:\\\/\\\/www.ettrich.de\\\/en\\\/contact-us\\\/#breadcrumb\"},\"inLanguage\":\"en-US\",\"potentialAction\":[{\"@type\":\"ReadAction\",\"target\":[\"https:\\\/\\\/www.ettrich.de\\\/en\\\/contact-us\\\/\"]}]},{\"@type\":\"ImageObject\",\"inLanguage\":\"en-US\",\"@id\":\"https:\\\/\\\/www.ettrich.de\\\/en\\\/contact-us\\\/#primaryimage\",\"url\":\"https:\\\/\\\/www.ettrich.de\\\/wp-content\\\/uploads\\\/2024\\\/03\\\/bild-ettrich-news-1000x631.jpg\",\"contentUrl\":\"https:\\\/\\\/www.ettrich.de\\\/wp-content\\\/uploads\\\/2024\\\/03\\\/bild-ettrich-news-1000x631.jpg\"},{\"@type\":\"BreadcrumbList\",\"@id\":\"https:\\\/\\\/www.ettrich.de\\\/en\\\/contact-us\\\/#breadcrumb\",\"itemListElement\":[{\"@type\":\"ListItem\",\"position\":1,\"name\":\"Startseite\",\"item\":\"https:\\\/\\\/www.ettrich.de\\\/en\\\/\"},{\"@type\":\"ListItem\",\"position\":2,\"name\":\"Contact us\"}]},{\"@type\":\"WebSite\",\"@id\":\"https:\\\/\\\/www.ettrich.de\\\/en\\\/#website\",\"url\":\"https:\\\/\\\/www.ettrich.de\\\/en\\\/\",\"name\":\"Ettrich Rechtsanw\u00e4lte | Notare\",\"description\":\"Rechtsanw\u00e4lte und Notare\",\"publisher\":{\"@id\":\"https:\\\/\\\/www.ettrich.de\\\/en\\\/#organization\"},\"potentialAction\":[{\"@type\":\"SearchAction\",\"target\":{\"@type\":\"EntryPoint\",\"urlTemplate\":\"https:\\\/\\\/www.ettrich.de\\\/en\\\/?s={search_term_string}\"},\"query-input\":{\"@type\":\"PropertyValueSpecification\",\"valueRequired\":true,\"valueName\":\"search_term_string\"}}],\"inLanguage\":\"en-US\"},{\"@type\":\"Organization\",\"@id\":\"https:\\\/\\\/www.ettrich.de\\\/en\\\/#organization\",\"name\":\"Ettrich Rechtsanw\u00e4lte | Notare\",\"url\":\"https:\\\/\\\/www.ettrich.de\\\/en\\\/\",\"logo\":{\"@type\":\"ImageObject\",\"inLanguage\":\"en-US\",\"@id\":\"https:\\\/\\\/www.ettrich.de\\\/en\\\/#\\\/schema\\\/logo\\\/image\\\/\",\"url\":\"https:\\\/\\\/www.ettrich.de\\\/wp-content\\\/uploads\\\/2023\\\/12\\\/image-21.svg\",\"contentUrl\":\"https:\\\/\\\/www.ettrich.de\\\/wp-content\\\/uploads\\\/2023\\\/12\\\/image-21.svg\",\"width\":\"1024\",\"height\":\"1024\",\"caption\":\"Ettrich Rechtsanw\u00e4lte | Notare\"},\"image\":{\"@id\":\"https:\\\/\\\/www.ettrich.de\\\/en\\\/#\\\/schema\\\/logo\\\/image\\\/\"}}]}<\/script>\n<!-- \/ Yoast SEO plugin. -->","yoast_head_json":{"title":"Contact us | Ettrich","robots":{"index":"index","follow":"follow","max-snippet":"max-snippet:-1","max-image-preview":"max-image-preview:large","max-video-preview":"max-video-preview:-1"},"canonical":"https:\/\/www.ettrich.de\/en\/contact-us\/","og_locale":"en_US","og_type":"article","og_title":"Contact us | Ettrich","og_description":"EttrichLawyers | Notaries Eschersheimer Landstrasse 6 60322 Frankfurt am Main Phone: +49 69 150504-0 E-mail: info(at)ettrich.de Arrival by public transportation: Travel to the subway station &#8220;Eschenheimer Tor&#8221;. After approx. 5 minutes on foot you will find the office on Eschersheimer Landstra\u00dfe on the right-hand side heading out of town. Arrival by car: You will find [&hellip;]","og_url":"https:\/\/www.ettrich.de\/en\/contact-us\/","og_site_name":"Ettrich","article_modified_time":"2025-02-12T15:10:29+00:00","og_image":[{"url":"https:\/\/www.ettrich.de\/wp-content\/uploads\/2024\/03\/bild-ettrich-news-1000x631.jpg","type":"","width":"","height":""}],"twitter_card":"summary_large_image","schema":{"@context":"https:\/\/schema.org","@graph":[{"@type":"WebPage","@id":"https:\/\/www.ettrich.de\/en\/contact-us\/","url":"https:\/\/www.ettrich.de\/en\/contact-us\/","name":"Contact us | Ettrich","isPartOf":{"@id":"https:\/\/www.ettrich.de\/en\/#website"},"primaryImageOfPage":{"@id":"https:\/\/www.ettrich.de\/en\/contact-us\/#primaryimage"},"image":{"@id":"https:\/\/www.ettrich.de\/en\/contact-us\/#primaryimage"},"thumbnailUrl":"https:\/\/www.ettrich.de\/wp-content\/uploads\/2024\/03\/bild-ettrich-news-1000x631.jpg","datePublished":"2023-06-20T10:40:55+00:00","dateModified":"2025-02-12T15:10:29+00:00","breadcrumb":{"@id":"https:\/\/www.ettrich.de\/en\/contact-us\/#breadcrumb"},"inLanguage":"en-US","potentialAction":[{"@type":"ReadAction","target":["https:\/\/www.ettrich.de\/en\/contact-us\/"]}]},{"@type":"ImageObject","inLanguage":"en-US","@id":"https:\/\/www.ettrich.de\/en\/contact-us\/#primaryimage","url":"https:\/\/www.ettrich.de\/wp-content\/uploads\/2024\/03\/bild-ettrich-news-1000x631.jpg","contentUrl":"https:\/\/www.ettrich.de\/wp-content\/uploads\/2024\/03\/bild-ettrich-news-1000x631.jpg"},{"@type":"BreadcrumbList","@id":"https:\/\/www.ettrich.de\/en\/contact-us\/#breadcrumb","itemListElement":[{"@type":"ListItem","position":1,"name":"Startseite","item":"https:\/\/www.ettrich.de\/en\/"},{"@type":"ListItem","position":2,"name":"Contact us"}]},{"@type":"WebSite","@id":"https:\/\/www.ettrich.de\/en\/#website","url":"https:\/\/www.ettrich.de\/en\/","name":"Ettrich Rechtsanw\u00e4lte | Notare","description":"Rechtsanw\u00e4lte und Notare","publisher":{"@id":"https:\/\/www.ettrich.de\/en\/#organization"},"potentialAction":[{"@type":"SearchAction","target":{"@type":"EntryPoint","urlTemplate":"https:\/\/www.ettrich.de\/en\/?s={search_term_string}"},"query-input":{"@type":"PropertyValueSpecification","valueRequired":true,"valueName":"search_term_string"}}],"inLanguage":"en-US"},{"@type":"Organization","@id":"https:\/\/www.ettrich.de\/en\/#organization","name":"Ettrich Rechtsanw\u00e4lte | Notare","url":"https:\/\/www.ettrich.de\/en\/","logo":{"@type":"ImageObject","inLanguage":"en-US","@id":"https:\/\/www.ettrich.de\/en\/#\/schema\/logo\/image\/","url":"https:\/\/www.ettrich.de\/wp-content\/uploads\/2023\/12\/image-21.svg","contentUrl":"https:\/\/www.ettrich.de\/wp-content\/uploads\/2023\/12\/image-21.svg","width":"1024","height":"1024","caption":"Ettrich Rechtsanw\u00e4lte | Notare"},"image":{"@id":"https:\/\/www.ettrich.de\/en\/#\/schema\/logo\/image\/"}}]}},"_links":{"self":[{"href":"https:\/\/www.ettrich.de\/en\/wp-json\/wp\/v2\/pages\/1520","targetHints":{"allow":["GET"]}}],"collection":[{"href":"https:\/\/www.ettrich.de\/en\/wp-json\/wp\/v2\/pages"}],"about":[{"href":"https:\/\/www.ettrich.de\/en\/wp-json\/wp\/v2\/types\/page"}],"author":[{"embeddable":true,"href":"https:\/\/www.ettrich.de\/en\/wp-json\/wp\/v2\/users\/5"}],"replies":[{"embeddable":true,"href":"https:\/\/www.ettrich.de\/en\/wp-json\/wp\/v2\/comments?post=1520"}],"version-history":[{"count":15,"href":"https:\/\/www.ettrich.de\/en\/wp-json\/wp\/v2\/pages\/1520\/revisions"}],"predecessor-version":[{"id":1963,"href":"https:\/\/www.ettrich.de\/en\/wp-json\/wp\/v2\/pages\/1520\/revisions\/1963"}],"wp:attachment":[{"href":"https:\/\/www.ettrich.de\/en\/wp-json\/wp\/v2\/media?parent=1520"}],"curies":[{"name":"wp","href":"https:\/\/api.w.org\/{rel}","templated":true}]}}